{"id":756,"date":"2021-11-25T10:15:50","date_gmt":"2021-11-25T09:15:50","guid":{"rendered":"https:\/\/starifijaker.hr\/o-nama\/"},"modified":"2023-07-09T22:21:05","modified_gmt":"2023-07-09T20:21:05","slug":"about-us","status":"publish","type":"page","link":"https:\/\/starifijaker.hr\/en\/about-us\/","title":{"rendered":"About us"},"content":{"rendered":"\n<p>The&nbsp;<strong>Stari Fijaker<\/strong>&nbsp;offers a full menu of authentic traditional culinary delicacies representing the Zagreb-Zagorje region of Croatia. We highly recommend that you try our punjeka paprika (stuffed peppers), sarma (cabbage rolls), purica s mlincima (a traditional Croatian Christmas meal \u2013 roast turkey with a delicious pasta-like side dish, made of cooked unleavened dough seasoned with turkey drippings), and of course \u0161trukli (cooked cheese-filled pastry, unlike anything you\u2019ve had before, but this is the quintessential Croatian comfort food that you will want to have again and again).<\/p>\n\n\n\n<p>In fact, Stari Fijaker is known for its&nbsp;<strong>homemade pastries and breads<\/strong>. You can choose from corn bread, pivni\u010dki klipi\u0107i, poga\u010dice od \u010dvaraka and many others. Go ahead and be adventurous! Your taste buds will thank you. In addition to our comprehensive food menu, we also offer a full non-alcoholic and alcoholic beverage menu, including a wide variety of ap\u00e9ritifs, high quality red and white wines, and domestic as well as imported beer.<\/p>\n\n\n\n<h2 class=\"wp-block-heading\">What they say about us<\/h2>\n\n\n\n<figure class=\"wp-block-gallery has-nested-images columns-4 is-cropped wp-block-gallery-1 is-layout-flex wp-block-gallery-is-layout-flex\">\n<figure class=\"wp-block-image size-large\"><a href=\"https:\/\/starifijaker.hr\/cms\/wp-content\/uploads\/2023\/07\/vecernji-list-2023.jpg\" data-rel=\"lightbox-gallery-XLIunVAS\" data-rl_title=\"\" data-rl_caption=\"\" title=\"\"><img loading=\"lazy\" decoding=\"async\" width=\"1024\" height=\"986\" data-id=\"1055\" src=\"https:\/\/starifijaker.hr\/cms\/wp-content\/uploads\/2023\/07\/vecernji-list-2023-1024x986.jpg\" alt=\"vecernji-list-2023\" class=\"wp-image-1055\" srcset=\"https:\/\/starifijaker.hr\/cms\/wp-content\/uploads\/2023\/07\/vecernji-list-2023-1024x986.jpg 1024w, https:\/\/starifijaker.hr\/cms\/wp-content\/uploads\/2023\/07\/vecernji-list-2023-300x289.jpg 300w, https:\/\/starifijaker.hr\/cms\/wp-content\/uploads\/2023\/07\/vecernji-list-2023-768x740.jpg 768w, https:\/\/starifijaker.hr\/cms\/wp-content\/uploads\/2023\/07\/vecernji-list-2023.jpg 1168w\" sizes=\"auto, (max-width: 1024px) 100vw, 1024px\" \/><\/a><figcaption class=\"wp-element-caption\">Jutarnji list<\/figcaption><\/figure>\n\n\n\n<figure class=\"wp-block-image size-large\"><a href=\"https:\/\/starifijaker.hr\/cms\/wp-content\/uploads\/2022\/09\/screenshot-sf4.jpg\" data-rel=\"lightbox-gallery-XLIunVAS\" data-rl_title=\"\" data-rl_caption=\"\" title=\"\"><img loading=\"lazy\" decoding=\"async\" width=\"1024\" height=\"725\" data-id=\"863\" src=\"https:\/\/starifijaker.hr\/cms\/wp-content\/uploads\/2022\/09\/screenshot-sf4-1024x725.jpg\" alt=\"screenshot-sf4\" class=\"wp-image-863\" srcset=\"https:\/\/starifijaker.hr\/cms\/wp-content\/uploads\/2022\/09\/screenshot-sf4-1024x725.jpg 1024w, https:\/\/starifijaker.hr\/cms\/wp-content\/uploads\/2022\/09\/screenshot-sf4-300x212.jpg 300w, https:\/\/starifijaker.hr\/cms\/wp-content\/uploads\/2022\/09\/screenshot-sf4-768x543.jpg 768w, https:\/\/starifijaker.hr\/cms\/wp-content\/uploads\/2022\/09\/screenshot-sf4.jpg 1221w\" sizes=\"auto, (max-width: 1024px) 100vw, 1024px\" \/><\/a><figcaption class=\"wp-element-caption\">The Times<\/figcaption><\/figure>\n\n\n\n<figure class=\"wp-block-image size-full\"><a href=\"https:\/\/starifijaker.hr\/cms\/wp-content\/uploads\/2022\/09\/screenshot-sf2.jpg\" data-rel=\"lightbox-gallery-XLIunVAS\" data-rl_title=\"\" data-rl_caption=\"\" title=\"\"><img loading=\"lazy\" decoding=\"async\" width=\"958\" height=\"793\" data-id=\"851\" src=\"https:\/\/starifijaker.hr\/cms\/wp-content\/uploads\/2022\/09\/screenshot-sf2.jpg\" alt=\"screenshot-sf2\" class=\"wp-image-851\" srcset=\"https:\/\/starifijaker.hr\/cms\/wp-content\/uploads\/2022\/09\/screenshot-sf2.jpg 958w, https:\/\/starifijaker.hr\/cms\/wp-content\/uploads\/2022\/09\/screenshot-sf2-300x248.jpg 300w, https:\/\/starifijaker.hr\/cms\/wp-content\/uploads\/2022\/09\/screenshot-sf2-768x636.jpg 768w\" sizes=\"auto, (max-width: 958px) 100vw, 958px\" \/><\/a><\/figure>\n\n\n\n<figure class=\"wp-block-image size-large\"><a href=\"https:\/\/starifijaker.hr\/cms\/wp-content\/uploads\/2022\/09\/screenshot-sf3-2.jpg\" data-rel=\"lightbox-gallery-XLIunVAS\" data-rl_title=\"\" data-rl_caption=\"\" title=\"\"><img loading=\"lazy\" decoding=\"async\" width=\"1024\" height=\"797\" data-id=\"860\" src=\"https:\/\/starifijaker.hr\/cms\/wp-content\/uploads\/2022\/09\/screenshot-sf3-2-1024x797.jpg\" alt=\"screenshot-sf3\" class=\"wp-image-860\" srcset=\"https:\/\/starifijaker.hr\/cms\/wp-content\/uploads\/2022\/09\/screenshot-sf3-2-1024x797.jpg 1024w, https:\/\/starifijaker.hr\/cms\/wp-content\/uploads\/2022\/09\/screenshot-sf3-2-300x234.jpg 300w, https:\/\/starifijaker.hr\/cms\/wp-content\/uploads\/2022\/09\/screenshot-sf3-2-768x598.jpg 768w, https:\/\/starifijaker.hr\/cms\/wp-content\/uploads\/2022\/09\/screenshot-sf3-2.jpg 1238w\" sizes=\"auto, (max-width: 1024px) 100vw, 1024px\" \/><\/a><figcaption class=\"wp-element-caption\">Jutarnji list<\/figcaption><\/figure>\n\n\n\n<figure class=\"wp-block-image size-full\"><a href=\"https:\/\/starifijaker.hr\/cms\/wp-content\/uploads\/2022\/09\/screenshot-sf1.jpg\" data-rel=\"lightbox-gallery-XLIunVAS\" data-rl_title=\"\" data-rl_caption=\"\" title=\"\"><img loading=\"lazy\" decoding=\"async\" width=\"798\" height=\"816\" data-id=\"844\" src=\"https:\/\/starifijaker.hr\/cms\/wp-content\/uploads\/2022\/09\/screenshot-sf1.jpg\" alt=\"Big 7 Travel\" class=\"wp-image-844\" srcset=\"https:\/\/starifijaker.hr\/cms\/wp-content\/uploads\/2022\/09\/screenshot-sf1.jpg 798w, https:\/\/starifijaker.hr\/cms\/wp-content\/uploads\/2022\/09\/screenshot-sf1-293x300.jpg 293w, https:\/\/starifijaker.hr\/cms\/wp-content\/uploads\/2022\/09\/screenshot-sf1-768x785.jpg 768w\" sizes=\"auto, (max-width: 798px) 100vw, 798px\" \/><\/a><figcaption class=\"wp-element-caption\">young hipster company of friends sitting in city street cafe, close up hands holding glasses, toasting, celebrating, drinking wine, summer vacation, party, having fun, details<\/figcaption><\/figure>\n\n\n\n<figure class=\"wp-block-image size-full\"><a href=\"https:\/\/starifijaker.hr\/cms\/wp-content\/uploads\/2022\/09\/screenshot-sf5.jpg\" data-rel=\"lightbox-gallery-XLIunVAS\" data-rl_title=\"\" data-rl_caption=\"\" title=\"\"><img loading=\"lazy\" decoding=\"async\" width=\"960\" height=\"767\" data-id=\"866\" src=\"https:\/\/starifijaker.hr\/cms\/wp-content\/uploads\/2022\/09\/screenshot-sf5.jpg\" alt=\"screenshot-sf5\" class=\"wp-image-866\" srcset=\"https:\/\/starifijaker.hr\/cms\/wp-content\/uploads\/2022\/09\/screenshot-sf5.jpg 960w, https:\/\/starifijaker.hr\/cms\/wp-content\/uploads\/2022\/09\/screenshot-sf5-300x240.jpg 300w, https:\/\/starifijaker.hr\/cms\/wp-content\/uploads\/2022\/09\/screenshot-sf5-768x614.jpg 768w\" sizes=\"auto, (max-width: 960px) 100vw, 960px\" \/><\/a><figcaption class=\"wp-element-caption\">Ve\u010dernji list<\/figcaption><\/figure>\n\n\n\n<figure class=\"wp-block-image size-full\"><a href=\"https:\/\/starifijaker.hr\/cms\/wp-content\/uploads\/2022\/09\/screenshot-sf6.jpg\" data-rel=\"lightbox-gallery-XLIunVAS\" data-rl_title=\"\" data-rl_caption=\"\" title=\"\"><img loading=\"lazy\" decoding=\"async\" width=\"954\" height=\"755\" data-id=\"869\" src=\"https:\/\/starifijaker.hr\/cms\/wp-content\/uploads\/2022\/09\/screenshot-sf6.jpg\" alt=\"screenshot-sf6\" class=\"wp-image-869\" srcset=\"https:\/\/starifijaker.hr\/cms\/wp-content\/uploads\/2022\/09\/screenshot-sf6.jpg 954w, https:\/\/starifijaker.hr\/cms\/wp-content\/uploads\/2022\/09\/screenshot-sf6-300x237.jpg 300w, https:\/\/starifijaker.hr\/cms\/wp-content\/uploads\/2022\/09\/screenshot-sf6-768x608.jpg 768w\" sizes=\"auto, (max-width: 954px) 100vw, 954px\" \/><\/a><figcaption class=\"wp-element-caption\">Ve\u010dernji list<\/figcaption><\/figure>\n\n\n\n<figure class=\"wp-block-image size-full\"><a href=\"https:\/\/starifijaker.hr\/cms\/wp-content\/uploads\/2022\/09\/screenshot-sf8.jpg\" data-rel=\"lightbox-gallery-XLIunVAS\" data-rl_title=\"\" data-rl_caption=\"\" title=\"\"><img loading=\"lazy\" decoding=\"async\" width=\"960\" height=\"787\" data-id=\"889\" src=\"https:\/\/starifijaker.hr\/cms\/wp-content\/uploads\/2022\/09\/screenshot-sf8.jpg\" alt=\"screenshot-sf8\" class=\"wp-image-889\" srcset=\"https:\/\/starifijaker.hr\/cms\/wp-content\/uploads\/2022\/09\/screenshot-sf8.jpg 960w, https:\/\/starifijaker.hr\/cms\/wp-content\/uploads\/2022\/09\/screenshot-sf8-300x246.jpg 300w, https:\/\/starifijaker.hr\/cms\/wp-content\/uploads\/2022\/09\/screenshot-sf8-768x630.jpg 768w\" sizes=\"auto, (max-width: 960px) 100vw, 960px\" \/><\/a><figcaption class=\"wp-element-caption\">Ve\u010dernji list<\/figcaption><\/figure>\n<\/figure>\n\n\n\n<ul class=\"wp-block-list\">\n<li><a rel=\"noreferrer noopener\" href=\"https:\/\/www.vecernji.hr\/lifestyle\/amerikanci-vole-sarmu-skandinavcima-je-vrh-purica-a-francuzima-pasticada-1692624\" target=\"_blank\">Ve\u010dernji list: Restoran Stari fijaker 900 kultno je mjesto autohtone kuhinje<\/a><\/li>\n\n\n\n<li><a rel=\"noreferrer noopener\" href=\"https:\/\/www.vecernji.hr\/lifestyle\/stari-fijaker-prvi-restoran-u-hrvatskoj-s-domacom-hranom-326127\" target=\"_blank\">Ve\u010dernji list: Stari fijaker prvi restoran u Hrvatskoj s doma\u0107om hranom<\/a><\/li>\n\n\n\n<li><a rel=\"noreferrer noopener\" href=\"https:\/\/www.jutarnji.hr\/dobrahrana\/price\/recenzija-ovo-je-jedan-od-nazalost-malobrojnih-zagrebackih-restorana-u-kojem-mozete-uzivati-u-dobroj-domacoj-kuhinji-9851503\" target=\"_blank\">Jutarnji list: Ovo je jedan od malobrojnih zagreba\u010dkih restorana u kojem mo\u017eete u\u017eivati u dobroj doma\u0107oj kuhinji!<\/a><\/li>\n\n\n\n<li><a rel=\"noreferrer noopener\" href=\"https:\/\/www.vecernji.hr\/showbiz\/viggo-mortensen-u-starom-fijakeru-uzivao-u-struklima-113782\" target=\"_blank\">Ve\u010dernji list: Viggo Mortensen u \u201cStarom fijakeru\u201d u\u017eivao u \u0161truklima<\/a><\/li>\n\n\n\n<li><a rel=\"noreferrer noopener\" href=\"https:\/\/www.jutarnji.hr\/spektakli\/aragorn-iz-gospodara-prstenova-jeo-strukle-u-starom-fijakeru-u-zagrebu-2236310\" target=\"_blank\">Jutarnji list: Aragorn iz &#8216;Gospodara prstenova&#8217; jeo \u0161trukle u Starom fijakeru u Zagrebu<\/a><\/li>\n\n\n\n<li><a rel=\"noreferrer noopener\" href=\"https:\/\/www.jutarnji.hr\/dobrahrana\/price\/britanski-independent-objavio-listu-zagrebackih-gastro-adresa-koje-kako-kazu-morate-posjetiti-15114759\" target=\"_blank\">Jutarnji list: Britanski Independent objavio listu zagreba\u010dkih gastro adresa koje, kako ka\u017eu, morate posjetiti<\/a><\/li>\n\n\n\n<li><a rel=\"noreferrer noopener\" href=\"https:\/\/www.vecernji.hr\/lifestyle\/na-tanjuru-toplo-zlato-od-bunceka-i-cobanca-do-graha-i-krvavica-1026620\" target=\"_blank\">Ve\u010dernji list: Na tanjuru \u2018toplo zlato\u2019 &#8211; od bunceka i \u010dobanca do graha i krvavica<\/a><\/li>\n\n\n\n<li><a rel=\"noreferrer noopener\" href=\"https:\/\/www.jutarnji.hr\/vijesti\/zagreb\/u-zagrebu-ima-15-vrhunskih-restorana-2850632\" target=\"_blank\">Jutarnji list: U Zagrebu ima 15 vrhunskih restorana<\/a><\/li>\n\n\n\n<li><a rel=\"noreferrer noopener\" href=\"https:\/\/www.vecernji.hr\/lifestyle\/zazelite-li-se-domacih-jela-koja-vracaju-u-djetinjstvo-ovo-je-doista-pravo-mjesto-1123905\" target=\"_blank\">Ve\u010dernji list: Za\u017eelite li se doma\u0107ih jela koja vra\u0107aju u djetinjstvo, ovo je doista pravo mjesto<\/a><\/li>\n\n\n\n<li><a rel=\"noreferrer noopener\" href=\"https:\/\/www.jutarnji.hr\/dobrahrana\/price\/chefovi-savjetuju-pitali-smo-nase-mestre-od-kuzine-gdje-privatno-s-obitelji-i-drustvom-odlaze-na-dobru-klopu-i-evo-sto-su-nam-odgovorili-9209132\" target=\"_blank\">Jutarnji list: CHEFOVI SAVJETUJU: Pitali smo na\u0161e me\u0161tre od ku\u017eine gdje privatno s obitelji i dru\u0161tvom odlaze na dobru klopu i evo \u0161to su nam odgovorili!<\/a><\/li>\n\n\n\n<li><a rel=\"noreferrer noopener\" href=\"https:\/\/www.jutarnji.hr\/vijesti\/hrvatska\/britanski-telegraph-nahvalio-hrvatsku-gastronomiju-ne-smijete-napustiti-hrvatsku-dok-ne-kusate-ovih-10-jela-7123614\" target=\"_blank\">Britanski Telegraph nahvalio hrvatsku gastronomiju &#8216;Ne smijete napustiti Hrvatsku dok ne ku\u0161ate ovih 10 jela&#8217;<\/a><\/li>\n\n\n\n<li><a rel=\"noreferrer noopener\" href=\"https:\/\/recepti.index.hr\/recept\/1980-dragicini-klipici\" target=\"_blank\">Index: Dragi\u010dini klipi\u0107i, recept iz Starog Fijakera<\/a><\/li>\n\n\n\n<li><a rel=\"noreferrer noopener\" href=\"https:\/\/www.vecernji.hr\/lifestyle\/zamotajte-jos-jednu-prije-proljeca-darujemo-vam-recept-za-legendarnu-sarmu-restorana-stari-fijaker-1466689\" target=\"_blank\">Ve\u010dernji list: Zamotajte jo\u0161 jednu prije prolje\u0107a: Darujemo vam recept za legendarnu sarmu restorana Stari fijaker!<\/a><\/li>\n\n\n\n<li><a rel=\"noreferrer noopener\" href=\"https:\/\/www.vecernji.hr\/lifestyle\/danas-je-na-meniju-sarma-mi-je-uvijek-pripremamo-po-receptu-kultnog-zagrebackog-restorana-stari-fijaker-1551851\" target=\"_blank\">Ve\u010dernji list: Danas je na meniju sarma &#8211; mi je uvijek pripremamo po receptu kultnog zagreba\u010dkog restorana Stari fijaker<\/a><\/li>\n\n\n\n<li><a href=\"https:\/\/bigseventravel.com\/7-of-the-best-sarma-restaurants-in-croatia\/\">Big 7 Travel: 7 of the best sarma restaurants in Croatia<\/a><\/li>\n\n\n\n<li><a rel=\"noreferrer noopener\" href=\"https:\/\/www.thetimes.co.uk\/travel\/destinations\/europe\/croatia\/croatia-secret-spots\" target=\"_blank\">The Times: Where to go in Croatia: 11 secret spots the locals love<\/a><\/li>\n\n\n\n<li><a rel=\"noreferrer noopener\" href=\"https:\/\/www.tasteatlas.com\/stari-fijaker\" target=\"_blank\">TasteAtlas: Legendary Restaurants of the World<\/a><\/li>\n\n\n\n<li><a rel=\"noreferrer noopener\" href=\"https:\/\/www.tripadvisor.com\/Restaurant_Review-g294454-d810593-Reviews-Stari_Fijaker_900-Zagreb_Central_Croatia.html\" target=\"_blank\">Tripadvisor: Reviews<\/a><\/li>\n\n\n\n<li><a rel=\"noreferrer noopener\" href=\"https:\/\/restaurantguru.com\/Stari-Fijaker-Zagreb\" target=\"_blank\">Restaurant Guru<\/a><\/li>\n<\/ul>\n\n\n\n<p>Send us your impressions via <a href=\"mailto:info@starifijaker.hr\">info@starifijaker.hr<\/a><\/p>\n\n\n\n<h2 class=\"wp-block-heading\">Fun fact<\/h2>\n\n\n\n<p>The Stari fijaker restaurant is the first restaurant in Croatia to receive the mark of the special standard &#8216;Croatian Authentic Cuisine&#8217;, which was launched in 2010 by the Ministry of Tourism in cooperation with the Croatian Chamber of Commerce, the Croatian Chamber of Crafts and the Croatian Culinary Association.<\/p>\n","protected":false},"excerpt":{"rendered":"<p>The&nbsp;Stari Fijaker&nbsp;offers a full menu of authentic traditional culinary delicacies representing the Zagreb-Zagorje region of Croatia. We highly recommend that you try our punjeka paprika (stuffed peppers), sarma (cabbage rolls), purica s mlincima (a traditional Croatian Christmas meal \u2013 roast turkey with a delicious pasta-like side dish, made of cooked unleavened dough seasoned with turkey &hellip; <a href=\"https:\/\/starifijaker.hr\/en\/about-us\/\">Vi\u0161e<\/a><\/p>\n","protected":false},"author":1,"featured_media":0,"parent":0,"menu_order":0,"comment_status":"closed","ping_status":"open","template":"","meta":{"footnotes":""},"class_list":["post-756","page","type-page","status-publish","hentry"],"acf":[],"_links":{"self":[{"href":"https:\/\/starifijaker.hr\/en\/wp-json\/wp\/v2\/pages\/756","targetHints":{"allow":["GET"]}}],"collection":[{"href":"https:\/\/starifijaker.hr\/en\/wp-json\/wp\/v2\/pages"}],"about":[{"href":"https:\/\/starifijaker.hr\/en\/wp-json\/wp\/v2\/types\/page"}],"author":[{"embeddable":true,"href":"https:\/\/starifijaker.hr\/en\/wp-json\/wp\/v2\/users\/1"}],"replies":[{"embeddable":true,"href":"https:\/\/starifijaker.hr\/en\/wp-json\/wp\/v2\/comments?post=756"}],"version-history":[{"count":10,"href":"https:\/\/starifijaker.hr\/en\/wp-json\/wp\/v2\/pages\/756\/revisions"}],"predecessor-version":[{"id":1058,"href":"https:\/\/starifijaker.hr\/en\/wp-json\/wp\/v2\/pages\/756\/revisions\/1058"}],"wp:attachment":[{"href":"https:\/\/starifijaker.hr\/en\/wp-json\/wp\/v2\/media?parent=756"}],"curies":[{"name":"wp","href":"https:\/\/api.w.org\/{rel}","templated":true}]}}